{"id":117,"date":"2022-05-31T16:00:47","date_gmt":"2022-05-31T16:00:47","guid":{"rendered":"http:\/\/enterprisemindfactory.com\/?page_id=117"},"modified":"2022-05-31T18:49:31","modified_gmt":"2022-05-31T18:49:31","slug":"c-di%ef%bb%bf%e2%80%8benstleistung","status":"publish","type":"page","link":"https:\/\/enterprisemindfactory.com\/?page_id=117","title":{"rendered":"C-Di\ufeff\u200benstleistung"},"content":{"rendered":"<div id='av_section_1'  class='avia-section main_color avia-section-default avia-no-border-styling  avia-bg-style-scroll  avia-builder-el-0  el_before_av_two_fifth  avia-builder-el-first   container_wrap sidebar_right' style=' '  ><div class='container' ><main  role=\"main\" itemprop=\"mainContentOfPage\"  class='template-page content  av-content-small alpha units'><div class='post-entry post-entry-type-page post-entry-117'><div class='entry-content-wrapper clearfix'>\n<div class=\"flex_column av_one_full  flex_column_div av-zero-column-padding first  avia-builder-el-1  avia-builder-el-no-sibling  \" style='border-radius:0px; '><section class=\"av_textblock_section \"  itemscope=\"itemscope\" itemtype=\"https:\/\/schema.org\/CreativeWork\" ><div class='avia_textblock  '   itemprop=\"text\" ><h2 style=\"text-align: center;\">Unseres umfassendes Dienstleistungsportfolio<\/h2>\n<\/div><\/section><br \/>\n<div   class='hr hr-default   avia-builder-el-3  el_after_av_textblock  avia-builder-el-last '><span class='hr-inner ' ><span class='hr-inner-style'><\/span><\/span><\/div><\/p><\/div>\n<\/div><\/div><\/main><!-- close content main element --><\/div><\/div><div id='after_section_1'  class='main_color av_default_container_wrap container_wrap sidebar_right' style=' '  ><div class='container' ><div class='template-page content  av-content-small alpha units'><div class='post-entry post-entry-type-page post-entry-117'><div class='entry-content-wrapper clearfix'>\n<div class=\"flex_column av_two_fifth  flex_column_div av-zero-column-padding first  avia-builder-el-4  el_after_av_section  el_before_av_three_fifth  avia-builder-el-first  \" style='border-radius:0px; '><div   data-size='featured'  data-lightbox_size='large'  data-animation='slide'  data-conditional_play=''  data-ids='3418'  data-video_counter='0'  data-autoplay='false'  data-bg_slider='false'  data-slide_height=''  data-handle='av_slideshow'  data-interval='5'  data-class=' avia-builder-el-5  avia-builder-el-no-sibling  '  data-el_id=''  data-css_id=''  data-scroll_down=''  data-control_layout='av-control-default'  data-custom_markup=''  data-perma_caption=''  data-autoplay_stopper=''  data-image_attachment=''  data-min_height='0px'  data-default-height='28.666666666667'  class='avia-slideshow avia-slideshow-1  av-control-default av-default-height-applied avia-slideshow-featured av_slideshow  avia-builder-el-5  avia-builder-el-no-sibling   avia-slide-slider '  itemprop=\"image\" itemscope=\"itemscope\" itemtype=\"https:\/\/schema.org\/ImageObject\" ><ul class='avia-slideshow-inner ' style='padding-bottom: 28.666666666667%;' ><li  class=' av-single-slide slide-1 ' ><div data-rel='slideshow-1' class='avia-slide-wrap '   ><img class=\"wp-image-3418\"  src=\"https:\/\/enterprisemindfactory.com\/wp-content\/uploads\/2016\/09\/consulting-1500x430.jpg\" width='1500' height='430' title='consulting' alt=''  itemprop=\"thumbnailUrl\"   \/><\/div><\/li><\/ul><\/div><\/div>\n<div class=\"flex_column av_three_fifth  flex_column_div av-zero-column-padding   avia-builder-el-6  el_after_av_two_fifth  el_before_av_one_full  \" style='border-radius:0px; '><section class=\"av_textblock_section \"  itemscope=\"itemscope\" itemtype=\"https:\/\/schema.org\/CreativeWork\" ><div class='avia_textblock  '   itemprop=\"text\" ><h4><a href=\"http:\/\/enterprisemindfactory.com\/?page_id=125\">Consulting<\/a><\/h4>\n<p>Mit \u00a0der Kombination aus technischer, prozessualer und fachlicher Expertise bietet EnterpriseMind \u00a0Unternehmen eine \u00a0ganzheitliche Beratung mit Fokus auf die digitale Transformation. Dabei begleiten wir Sie von der Strategie bis zur Umsetzung und unterst\u00fctzen Sie Ihre Wachstums- und Optimierungspotentiale durch Big Data und Analytics\u00a0\u00a0zu identifizieren und erfolgreich zu nutzen.<\/p>\n<\/div><\/section><\/div>\n<div class=\"flex_column av_one_full  flex_column_div av-zero-column-padding first  avia-builder-el-8  el_after_av_three_fifth  el_before_av_two_fifth  \" style='border-radius:0px; '><div   class='hr hr-default   avia-builder-el-9  avia-builder-el-no-sibling '><span class='hr-inner ' ><span class='hr-inner-style'><\/span><\/span><\/div><\/div>\n<div class=\"flex_column av_two_fifth  flex_column_div av-zero-column-padding first  avia-builder-el-10  el_after_av_one_full  el_before_av_three_fifth  column-top-margin\" style='border-radius:0px; '><div   data-size='featured'  data-lightbox_size='large'  data-animation='slide'  data-conditional_play=''  data-ids='3521'  data-video_counter='0'  data-autoplay='false'  data-bg_slider='false'  data-slide_height=''  data-handle='av_slideshow'  data-interval='5'  data-class=' avia-builder-el-11  avia-builder-el-no-sibling  '  data-el_id=''  data-css_id=''  data-scroll_down=''  data-control_layout='av-control-default'  data-custom_markup=''  data-perma_caption=''  data-autoplay_stopper=''  data-image_attachment=''  data-min_height='0px'  data-default-height='28.666666666667'  class='avia-slideshow avia-slideshow-2  av-control-default av-default-height-applied avia-slideshow-featured av_slideshow  avia-builder-el-11  avia-builder-el-no-sibling   avia-slide-slider '  itemprop=\"image\" itemscope=\"itemscope\" itemtype=\"https:\/\/schema.org\/ImageObject\" ><ul class='avia-slideshow-inner ' style='padding-bottom: 47.777777777778%;' ><li  class=' av-single-slide slide-1 ' ><div data-rel='slideshow-2' class='avia-slide-wrap '   ><img class=\"wp-image-3521\"  src=\"https:\/\/enterprisemindfactory.com\/wp-content\/uploads\/2022\/05\/datascience_1-900x430.jpg\" width='900' height='430' title='datascience_1' alt=''  itemprop=\"thumbnailUrl\"   \/><\/div><\/li><\/ul><\/div><\/div>\n<div class=\"flex_column av_three_fifth  flex_column_div av-zero-column-padding   avia-builder-el-12  el_after_av_two_fifth  el_before_av_one_full  column-top-margin\" style='border-radius:0px; '><section class=\"av_textblock_section \"  itemscope=\"itemscope\" itemtype=\"https:\/\/schema.org\/CreativeWork\" ><div class='avia_textblock  '   itemprop=\"text\" ><h4><a href=\"http:\/\/enterprisemindfactory.com\/?page_id=132\">Finance und Reporting<\/a><\/h4>\n<p>Mit unserer fachlichen Expertise\u00a0unterst\u00fctzt EnterpriseMind Sie bei der Erstellung von Reports f\u00fcr das interne und externe Rechnungswesen sowie zur Unternehmensteuerung. Wir beraten Sie bei der Konzeption von Management Cockpits und setzen diese in der Analytics Suite f\u00fcr Sie um.\u00a0Durch\u00a0unsere Erfahrung in der Gestaltung von Reporting Prozessen unterst\u00fctzt EnterpriseMind Sie bei Einrichtung einer ganzheitlichen und verzahnten Berichterstattung, unter Ber\u00fccksichtigung von \u201eGrunds\u00e4tzen effizienter Reporting-Prozesse\u201c nach IFAC.<\/p>\n<\/div><\/section><\/div>\n<div class=\"flex_column av_one_full  flex_column_div av-zero-column-padding first  avia-builder-el-14  el_after_av_three_fifth  el_before_av_two_fifth  \" style='border-radius:0px; '><div   class='hr hr-default   avia-builder-el-15  avia-builder-el-no-sibling '><span class='hr-inner ' ><span class='hr-inner-style'><\/span><\/span><\/div><\/div>\n<div class=\"flex_column av_two_fifth  flex_column_div av-zero-column-padding first  avia-builder-el-16  el_after_av_one_full  el_before_av_three_fifth  column-top-margin\" style='border-radius:0px; '><div   data-size='featured'  data-lightbox_size='large'  data-animation='slide'  data-conditional_play=''  data-ids='3421'  data-video_counter='0'  data-autoplay='false'  data-bg_slider='false'  data-slide_height=''  data-handle='av_slideshow'  data-interval='5'  data-class=' avia-builder-el-17  avia-builder-el-no-sibling  '  data-el_id=''  data-css_id=''  data-scroll_down=''  data-control_layout='av-control-default'  data-custom_markup=''  data-perma_caption=''  data-autoplay_stopper=''  data-image_attachment=''  data-min_height='0px'  data-default-height='28.666666666667'  class='avia-slideshow avia-slideshow-3  av-control-default av-default-height-applied avia-slideshow-featured av_slideshow  avia-builder-el-17  avia-builder-el-no-sibling   avia-slide-slider '  itemprop=\"image\" itemscope=\"itemscope\" itemtype=\"https:\/\/schema.org\/ImageObject\" ><ul class='avia-slideshow-inner ' style='padding-bottom: 28.666666666667%;' ><li  class=' av-single-slide slide-1 ' ><div data-rel='slideshow-3' class='avia-slide-wrap '   ><img class=\"wp-image-3421\"  src=\"https:\/\/enterprisemindfactory.com\/wp-content\/uploads\/2016\/09\/finance_consulting-1500x430.jpg\" width='1500' height='430' title='finance_consulting' alt=''  itemprop=\"thumbnailUrl\"   \/><\/div><\/li><\/ul><\/div><\/div>\n<div class=\"flex_column av_three_fifth  flex_column_div av-zero-column-padding   avia-builder-el-18  el_after_av_two_fifth  el_before_av_one_full  column-top-margin\" style='border-radius:0px; '><section class=\"av_textblock_section \"  itemscope=\"itemscope\" itemtype=\"https:\/\/schema.org\/CreativeWork\" ><div class='avia_textblock  '   itemprop=\"text\" ><h4><a href=\"http:\/\/enterprisemindfactory.com\/?page_id=129\">Data Sciences<\/a><\/h4>\n<p>EnterpriseMind unterst\u00fctzt Sie, aus Ihren Daten Informationen zu generieren, Handlungsempfehlungen abzuleiten und Ihre digitale Wertsch\u00f6pfung zu steigern. Ziel ist es, Ihnen durch h\u00f6here Entscheidungssicherheit, Effizienzsteigerung und neuen datengetriebenen Services \u00a0Wettbewerbsvorteile zu verschaffen. Dazu sch\u00f6pfen wir die M\u00f6glichkeiten von Big Data und Advanced Analytics aus und wenden sie zielgerichtet zur Probleml\u00f6sung an.<\/p>\n<\/div><\/section><\/div>\n<div class=\"flex_column av_one_full  flex_column_div av-zero-column-padding first  avia-builder-el-20  el_after_av_three_fifth  el_before_av_two_fifth  \" style='border-radius:0px; '><div   class='hr hr-default   avia-builder-el-21  avia-builder-el-no-sibling '><span class='hr-inner ' ><span class='hr-inner-style'><\/span><\/span><\/div><\/div>\n<div class=\"flex_column av_two_fifth  flex_column_div av-zero-column-padding first  avia-builder-el-22  el_after_av_one_full  el_before_av_three_fifth  column-top-margin\" style='border-radius:0px; '><div   data-size='featured'  data-lightbox_size='large'  data-animation='slide'  data-conditional_play=''  data-ids='3522'  data-video_counter='0'  data-autoplay='false'  data-bg_slider='false'  data-slide_height=''  data-handle='av_slideshow'  data-interval='5'  data-class=' avia-builder-el-23  avia-builder-el-no-sibling  '  data-el_id=''  data-css_id=''  data-scroll_down=''  data-control_layout='av-control-default'  data-custom_markup=''  data-perma_caption=''  data-autoplay_stopper=''  data-image_attachment=''  data-min_height='0px'  data-default-height='28.666666666667'  class='avia-slideshow avia-slideshow-4  av-control-default av-default-height-applied avia-slideshow-featured av_slideshow  avia-builder-el-23  avia-builder-el-no-sibling   avia-slide-slider '  itemprop=\"image\" itemscope=\"itemscope\" itemtype=\"https:\/\/schema.org\/ImageObject\" ><ul class='avia-slideshow-inner ' style='padding-bottom: 47.777777777778%;' ><li  class=' av-single-slide slide-1 ' ><div data-rel='slideshow-4' class='avia-slide-wrap '   ><img class=\"wp-image-3522\"  src=\"https:\/\/enterprisemindfactory.com\/wp-content\/uploads\/2022\/05\/softwareing_1-900x430.jpg\" width='900' height='430' title='softwareing_1' alt=''  itemprop=\"thumbnailUrl\"   \/><\/div><\/li><\/ul><\/div><\/div>\n<div class=\"flex_column av_three_fifth  flex_column_div av-zero-column-padding   avia-builder-el-24  el_after_av_two_fifth  avia-builder-el-last  column-top-margin\" style='border-radius:0px; '><section class=\"av_textblock_section \"  itemscope=\"itemscope\" itemtype=\"https:\/\/schema.org\/CreativeWork\" ><div class='avia_textblock  '   itemprop=\"text\" ><h4><a href=\"http:\/\/enterprisemindfactory.com\/?page_id=136\">Software Engineering<\/a><\/h4>\n<p>EnterpriseMind unterst\u00fctzt Sie dabei, ,,Big Data Analytics&#8220; und ,,Real-Time Analytics&#8220; Plattformen in Ihre Prozess und System-Landschaft zu integrieren. Dazu konzipieren wir die Systemarchitektur und implementieren diese in Ihrer ,,Private Cloud&#8220;. Mit Unserer Expertise in Java\/Scala programmieren wir die entsprechenden Schnittstellen und Dienste. Dar\u00fcber hinaus k\u00f6nnen wir Ihnen auch Web-Applikationen z.B. zur Real-Time \u00dcberwachung realisieren.<\/p>\n<\/div><\/section><\/div>\n","protected":false},"excerpt":{"rendered":"","protected":false},"author":2,"featured_media":0,"parent":0,"menu_order":0,"comment_status":"closed","ping_status":"closed","template":"","meta":[],"_links":{"self":[{"href":"https:\/\/enterprisemindfactory.com\/index.php?rest_route=\/wp\/v2\/pages\/117"}],"collection":[{"href":"https:\/\/enterprisemindfactory.com\/index.php?rest_route=\/wp\/v2\/pages"}],"about":[{"href":"https:\/\/enterprisemindfactory.com\/index.php?rest_route=\/wp\/v2\/types\/page"}],"author":[{"embeddable":true,"href":"https:\/\/enterprisemindfactory.com\/index.php?rest_route=\/wp\/v2\/users\/2"}],"replies":[{"embeddable":true,"href":"https:\/\/enterprisemindfactory.com\/index.php?rest_route=%2Fwp%2Fv2%2Fcomments&post=117"}],"version-history":[{"count":13,"href":"https:\/\/enterprisemindfactory.com\/index.php?rest_route=\/wp\/v2\/pages\/117\/revisions"}],"predecessor-version":[{"id":3546,"href":"https:\/\/enterprisemindfactory.com\/index.php?rest_route=\/wp\/v2\/pages\/117\/revisions\/3546"}],"wp:attachment":[{"href":"https:\/\/enterprisemindfactory.com\/index.php?rest_route=%2Fwp%2Fv2%2Fmedia&parent=117"}],"curies":[{"name":"wp","href":"https:\/\/api.w.org\/{rel}","templated":true}]}}