{"id":125,"date":"2022-05-31T16:01:16","date_gmt":"2022-05-31T16:01:16","guid":{"rendered":"http:\/\/enterprisemindfactory.com\/?page_id=125"},"modified":"2022-05-31T16:01:16","modified_gmt":"2022-05-31T16:01:16","slug":"consulting","status":"publish","type":"page","link":"https:\/\/enterprisemindfactory.com\/?page_id=125","title":{"rendered":"Consulting"},"content":{"rendered":"<div id='av_section_1'  class='avia-section main_color avia-section-default avia-no-border-styling  avia-bg-style-scroll  avia-builder-el-0  el_before_av_one_full  avia-builder-el-first   container_wrap sidebar_right' style=' '  ><div class='container' ><main  role=\"main\" itemprop=\"mainContentOfPage\"  class='template-page content  av-content-small alpha units'><div class='post-entry post-entry-type-page post-entry-125'><div class='entry-content-wrapper clearfix'>\n<div class=\"flex_column av_two_fifth  flex_column_div av-zero-column-padding first  avia-builder-el-1  el_before_av_three_fifth  avia-builder-el-first  \" style='border-radius:0px; '><article  class=\"iconbox iconbox_left    avia-builder-el-2  avia-builder-el-no-sibling  \"  itemscope=\"itemscope\" itemtype=\"https:\/\/schema.org\/CreativeWork\" ><div class=\"iconbox_content\"><header class=\"entry-content-header\"><div class=\"iconbox_icon heading-color\" aria-hidden='true' data-av_icon='\ue898' data-av_iconfont='entypo-fontello'  ><\/div><h3 class='iconbox_content_title  '  itemprop=\"headline\"  >Consulting<\/h3><\/header><div class='iconbox_content_container  '  itemprop=\"text\"  ><p><em>Ganzheitliche Beratung von der Strategie bis zur Umsetzung<\/em><\/p>\n<\/div><\/div><footer class=\"entry-footer\"><\/footer><\/article><\/div><div class=\"flex_column av_three_fifth  flex_column_div av-zero-column-padding   avia-builder-el-3  el_after_av_two_fifth  el_before_av_one_full  \" style='border-radius:0px; '><div   data-size='featured'  data-lightbox_size='large'  data-animation='slide'  data-conditional_play=''  data-ids='3525'  data-video_counter='0'  data-autoplay='false'  data-bg_slider='false'  data-slide_height=''  data-handle='av_slideshow'  data-interval='5'  data-class=' avia-builder-el-4  avia-builder-el-no-sibling  '  data-el_id=''  data-css_id=''  data-scroll_down=''  data-control_layout='av-control-default'  data-custom_markup=''  data-perma_caption=''  data-autoplay_stopper=''  data-image_attachment=''  data-min_height='0px'  data-default-height='28.666666666667'  class='avia-slideshow avia-slideshow-1  av-control-default av-default-height-applied avia-slideshow-featured av_slideshow  avia-builder-el-4  avia-builder-el-no-sibling   avia-slide-slider '  itemprop=\"image\" itemscope=\"itemscope\" itemtype=\"https:\/\/schema.org\/ImageObject\" ><ul class='avia-slideshow-inner ' style='padding-bottom: 47.777777777778%;' ><li  class=' av-single-slide slide-1 ' ><div data-rel='slideshow-1' class='avia-slide-wrap '   ><img class=\"wp-image-3525\"  src=\"https:\/\/enterprisemindfactory.com\/wp-content\/uploads\/2022\/05\/consulting_1-900x430.jpg\" width='900' height='430' title='consulting_1' alt=''  itemprop=\"thumbnailUrl\"   \/><\/div><\/li><\/ul><\/div><\/div><div class=\"flex_column av_one_full  flex_column_div av-zero-column-padding first  avia-builder-el-5  el_after_av_three_fifth  avia-builder-el-last  \" style='border-radius:0px; '><section class=\"av_textblock_section \"  itemscope=\"itemscope\" itemtype=\"https:\/\/schema.org\/CreativeWork\" ><div class='avia_textblock  '   itemprop=\"text\" ><p>Die Digitalisierung ver\u00e4ndert die Gesch\u00e4fts und Arbeitswelt in einem neuen Ausma\u00df. Einerseits bietet es Optimierungspotentiale, Kosteneinsparungen und auch neue Gesch\u00e4ftsmodelle und Gesch\u00e4ftswachstumsm\u00f6glichkeiten. Anderseits bedrohen disrruptive Technologien und Gesch\u00e4ftsmodelle den Status Quo.<\/p>\n<p>Unternehmen stehen vor der Herausforderung, Gesch\u00e4ftsmodelle , operative Prozesse und Organisationsformen durch neue Technologien zu transformieren. Wir helfen Ihnen die Potenziale und Chancen, die hinter den M\u00f6glichkeiten der Digitalen Transformation stecken, zu nutzen und die damit verbundenen Risiken zu minimieren.<\/p>\n<p>Mit \u00a0der Kombination aus unserer technischen, prozessualen und fachlichen Expertise, bietet EnterpriseMind \u00a0Unternehmen eine integrierte, ganzheitliche und branchenspezifische Beratung mit Fokus auf die digitale Transformation. Dabei begleiten wir Sie von der Strategie bis zur Umsetzung und unterst\u00fctzen Sie, Ihre Wachstumspotenziale in der digitalen Welt zu identifizieren und erfolgreich zu nutzen.<\/p>\n<\/div><\/section><\/div><\/div><\/div><\/main><!-- close content main element --><\/div><\/div><div id='after_section_1'  class='main_color av_default_container_wrap container_wrap sidebar_right' style=' '  ><div class='container' ><div class='template-page content  av-content-small alpha units'><div class='post-entry post-entry-type-page post-entry-125'><div class='entry-content-wrapper clearfix'><div class=\"flex_column av_one_full  flex_column_div av-zero-column-padding first  avia-builder-el-7  el_after_av_section  avia-builder-el-no-sibling  \" style='border-radius:0px; '><p><div  style='padding-bottom:10px; ' class='av-special-heading av-special-heading-h3    avia-builder-el-8  el_before_av_iconlist  avia-builder-el-first  '><h3 class='av-special-heading-tag '  itemprop=\"headline\"  >Unserer Leistungsumfang<\/h3><div class='special-heading-border'><div class='special-heading-inner-border' ><\/div><\/div><\/div><br \/>\n<div  class='avia-icon-list-container   avia-builder-el-9  el_after_av_heading  avia-builder-el-last '><ul class='avia-icon-list avia-icon-list-left av-iconlist-big avia_animate_when_almost_visible avia-iconlist-animate'>\n<li><div  class='iconlist_icon  avia-font-entypo-fontello'><span class='iconlist-char ' aria-hidden='true' data-av_icon='\ue898' data-av_iconfont='entypo-fontello'><\/span><\/div><article class=\"article-icon-entry \"  itemscope=\"itemscope\" itemtype=\"https:\/\/schema.org\/CreativeWork\" ><div class='iconlist_content_wrap'><header class=\"entry-content-header\"><h4 class='av_iconlist_title iconlist_title   '  itemprop=\"headline\"  >Strategie<\/h4><\/header><div class='iconlist_content  '  itemprop=\"text\"  ><p>Um Ihnen den entscheidenden Vorteil zu verschaffen, identifizieren wir in enger Zusammenarbeit mit Ihnen die gr\u00f6\u00dften Chancen und Potentiale durch\u00a0Digitalisierung und neue Technologien f\u00fcr Ihr Unternehmen. Auf der Grundlage erarbeiten wir die entsprechende\u00a0\u00a0Business-Cases als Entscheidungsgrundlage und unterst\u00fctzen Sie dabei\u00a0ihre IT-Strategie in Einklang mit Ihrer Gesch\u00e4ftsstrategie zu bringen.<\/p>\n<\/div><\/div><footer class=\"entry-footer\"><\/footer><\/article><div class='iconlist-timeline'><\/div><\/li>\n<li><div  class='iconlist_icon  avia-font-entypo-fontello'><span class='iconlist-char ' aria-hidden='true' data-av_icon='\ue898' data-av_iconfont='entypo-fontello'><\/span><\/div><article class=\"article-icon-entry \"  itemscope=\"itemscope\" itemtype=\"https:\/\/schema.org\/CreativeWork\" ><div class='iconlist_content_wrap'><header class=\"entry-content-header\"><h4 class='av_iconlist_title iconlist_title   '  itemprop=\"headline\"  >Prozesse &amp; Organisation<\/h4><\/header><div class='iconlist_content  '  itemprop=\"text\"  ><p>Mit unseren L\u00f6sungen rund um die Prozessanalyse, Dokumentation und Optimierung helfen wir Ihnen, \u00a0Ihre Prozesse zu gestalten und zu optimieren. Mit Changemanagement unterst\u00fctzen wir Sie die Prozess\u00e4nderungen erfolgreich in Ihre Unternehmensorganisation zu implementieren und mittels Leistungskennzahlen (KPI) die Performance der Prozesse zu messen.<\/p>\n<\/div><\/div><footer class=\"entry-footer\"><\/footer><\/article><div class='iconlist-timeline'><\/div><\/li>\n<li><div  class='iconlist_icon  avia-font-entypo-fontello'><span class='iconlist-char ' aria-hidden='true' data-av_icon='\ue898' data-av_iconfont='entypo-fontello'><\/span><\/div><article class=\"article-icon-entry \"  itemscope=\"itemscope\" itemtype=\"https:\/\/schema.org\/CreativeWork\" ><div class='iconlist_content_wrap'><header class=\"entry-content-header\"><h4 class='av_iconlist_title iconlist_title   '  itemprop=\"headline\"  >IT &amp; Technologie<\/h4><\/header><div class='iconlist_content  '  itemprop=\"text\"  ><p>Entsprechend Ihrer IT-Strategie unterst\u00fctzen\u00a0wir Sie dabei\u00a0die entsprechende Technologie \u00a0zu finden, erarbeiten Vergleichsoptionen und Alternativen. Mit IT-Spezialisten entwerfen wir f\u00fcr Sie die notwendige Systemarchitektur, erstellen ein Integrationskonzept f\u00fcr Ihre System- und Prozesslandschaft und begleiten Sie bei der Implementierung.<\/p>\n<\/div><\/div><footer class=\"entry-footer\"><\/footer><\/article><div class='iconlist-timeline'><\/div><\/li>\n<li><div  class='iconlist_icon  avia-font-entypo-fontello'><span class='iconlist-char ' aria-hidden='true' data-av_icon='\ue898' data-av_iconfont='entypo-fontello'><\/span><\/div><article class=\"article-icon-entry \"  itemscope=\"itemscope\" itemtype=\"https:\/\/schema.org\/CreativeWork\" ><div class='iconlist_content_wrap'><header class=\"entry-content-header\"><h4 class='av_iconlist_title iconlist_title   '  itemprop=\"headline\"  >Compliance &amp; Risk<\/h4><\/header><div class='iconlist_content  '  itemprop=\"text\"  ><p>Zusammen mit Ihnen erarbeiten wir ein Konzept, wie Big Data Technologie die Unternehmens und Compliance Risiken in Ihrem Unternehmen reduzieren kann. Dar\u00fcber hinaus errabeiten wir Ihnen einen Ma\u00dfnahmenkatalog damit die gesetzlichen, internen und vertraglichen Regelungen eingehalten werden und Ihre Daten gesch\u00fctzt sind.<\/p>\n<\/div><\/div><footer class=\"entry-footer\"><\/footer><\/article><div class='iconlist-timeline'><\/div><\/li>\n<li><div  class='iconlist_icon  avia-font-entypo-fontello'><span class='iconlist-char ' aria-hidden='true' data-av_icon='\ue898' data-av_iconfont='entypo-fontello'><\/span><\/div><article class=\"article-icon-entry \"  itemscope=\"itemscope\" itemtype=\"https:\/\/schema.org\/CreativeWork\" ><div class='iconlist_content_wrap'><header class=\"entry-content-header\"><h4 class='av_iconlist_title iconlist_title   '  itemprop=\"headline\"  >Wissenstransfer &amp; Coaching<\/h4><\/header><div class='iconlist_content  '  itemprop=\"text\"  ><p>Damit neue Technologie und Prozesse erfolgreich sind, m\u00fcssen Mitarbeiter fachlich geschult\u00a0werden. Wir helfen Ihnen die notwendigen Kompetenzen in Ihrem Unternehmen aufzubauen und stellen den Wissenstransfer vom Projekt in die Organisation sicher. Dabei bieten wir Schulungen, Fachvortr\u00e4ge, Coaching am Arbeitsplatz und erstellen die entsprechenden Unterlagen (Leitfaden, Arbeitsanweisungen etc.).<\/p>\n<\/div><\/div><footer class=\"entry-footer\"><\/footer><\/article><div class='iconlist-timeline'><\/div><\/li>\n<\/ul><\/div><\/p><\/div><\/p>\n","protected":false},"excerpt":{"rendered":"","protected":false},"author":2,"featured_media":0,"parent":117,"menu_order":0,"comment_status":"closed","ping_status":"closed","template":"","meta":[],"_links":{"self":[{"href":"https:\/\/enterprisemindfactory.com\/index.php?rest_route=\/wp\/v2\/pages\/125"}],"collection":[{"href":"https:\/\/enterprisemindfactory.com\/index.php?rest_route=\/wp\/v2\/pages"}],"about":[{"href":"https:\/\/enterprisemindfactory.com\/index.php?rest_route=\/wp\/v2\/types\/page"}],"author":[{"embeddable":true,"href":"https:\/\/enterprisemindfactory.com\/index.php?rest_route=\/wp\/v2\/users\/2"}],"replies":[{"embeddable":true,"href":"https:\/\/enterprisemindfactory.com\/index.php?rest_route=%2Fwp%2Fv2%2Fcomments&post=125"}],"version-history":[{"count":6,"href":"https:\/\/enterprisemindfactory.com\/index.php?rest_route=\/wp\/v2\/pages\/125\/revisions"}],"predecessor-version":[{"id":3543,"href":"https:\/\/enterprisemindfactory.com\/index.php?rest_route=\/wp\/v2\/pages\/125\/revisions\/3543"}],"up":[{"embeddable":true,"href":"https:\/\/enterprisemindfactory.com\/index.php?rest_route=\/wp\/v2\/pages\/117"}],"wp:attachment":[{"href":"https:\/\/enterprisemindfactory.com\/index.php?rest_route=%2Fwp%2Fv2%2Fmedia&parent=125"}],"curies":[{"name":"wp","href":"https:\/\/api.w.org\/{rel}","templated":true}]}}