{"id":129,"date":"2022-05-31T18:02:14","date_gmt":"2022-05-31T18:02:14","guid":{"rendered":"http:\/\/enterprisemindfactory.com\/?page_id=129"},"modified":"2022-05-31T18:04:29","modified_gmt":"2022-05-31T18:04:29","slug":"datasciences","status":"publish","type":"page","link":"https:\/\/enterprisemindfactory.com\/?page_id=129","title":{"rendered":"Datasciences"},"content":{"rendered":"<div id='av_section_1'  class='avia-section main_color avia-section-default avia-no-border-styling  avia-bg-style-scroll  avia-builder-el-0  el_before_av_one_full  avia-builder-el-first   container_wrap sidebar_right' style=' '  ><div class='container' ><main  role=\"main\" itemprop=\"mainContentOfPage\"  class='template-page content  av-content-small alpha units'><div class='post-entry post-entry-type-page post-entry-129'><div class='entry-content-wrapper clearfix'>\n<div class=\"flex_column av_two_fifth  flex_column_div av-zero-column-padding first  avia-builder-el-1  el_before_av_three_fifth  avia-builder-el-first  \" style='border-radius:0px; '><article  class=\"iconbox iconbox_left    avia-builder-el-2  avia-builder-el-no-sibling  \"  itemscope=\"itemscope\" itemtype=\"https:\/\/schema.org\/CreativeWork\" ><div class=\"iconbox_content\"><header class=\"entry-content-header\"><div class=\"iconbox_icon heading-color\" aria-hidden='true' data-av_icon='\ue833' data-av_iconfont='entypo-fontello'  ><\/div><h3 class='iconbox_content_title  '  itemprop=\"headline\"  >Data Sciences<\/h3><\/header><div class='iconbox_content_container  '  itemprop=\"text\"  ><p><em>Daten gelten als\u00a0das \u00d6l des 21. Jahrhunderts, sind aber oft verborgen\u00a0<\/em><\/p>\n<\/div><\/div><footer class=\"entry-footer\"><\/footer><\/article><\/div><div class=\"flex_column av_three_fifth  flex_column_div av-zero-column-padding   avia-builder-el-3  el_after_av_two_fifth  el_before_av_one_full  \" style='border-radius:0px; '><div   data-size='featured'  data-lightbox_size='large'  data-animation='slide'  data-conditional_play=''  data-ids='3521'  data-video_counter='0'  data-autoplay='false'  data-bg_slider='false'  data-slide_height=''  data-handle='av_slideshow'  data-interval='5'  data-class=' avia-builder-el-4  avia-builder-el-no-sibling  '  data-el_id=''  data-css_id=''  data-scroll_down=''  data-control_layout='av-control-default'  data-custom_markup=''  data-perma_caption=''  data-autoplay_stopper=''  data-image_attachment=''  data-min_height='0px'  data-default-height='28.666666666667'  class='avia-slideshow avia-slideshow-1  av-control-default av-default-height-applied avia-slideshow-featured av_slideshow  avia-builder-el-4  avia-builder-el-no-sibling   avia-slide-slider '  itemprop=\"image\" itemscope=\"itemscope\" itemtype=\"https:\/\/schema.org\/ImageObject\" ><ul class='avia-slideshow-inner ' style='padding-bottom: 47.777777777778%;' ><li  class=' av-single-slide slide-1 ' ><div data-rel='slideshow-1' class='avia-slide-wrap '   ><img class=\"wp-image-3521\"  src=\"https:\/\/enterprisemindfactory.com\/wp-content\/uploads\/2022\/05\/datascience_1-900x430.jpg\" width='900' height='430' title='datascience_1' alt=''  itemprop=\"thumbnailUrl\"   \/><\/div><\/li><\/ul><\/div><\/div><div class=\"flex_column av_one_full  flex_column_div av-zero-column-padding first  avia-builder-el-5  el_after_av_three_fifth  avia-builder-el-last  \" style='border-radius:0px; '><section class=\"av_textblock_section \"  itemscope=\"itemscope\" itemtype=\"https:\/\/schema.org\/CreativeWork\" ><div class='avia_textblock  '   itemprop=\"text\" ><p>Daten gelten als\u00a0das \u00d6l des 21. Jahrhunderts und gem\u00e4\u00df dieser\u00a0Analogie sind die Daten im Unternehmen oft verborgen und \u00a0m\u00fcssen zuerst identifiziert, gewonnen, verarbeitet und zur Information veredelt werden.<\/p>\n<p>EnterpriseMind unterst\u00fctzt Sie, aus Ihren Daten Informationen zu generieren, Handlungsempfehlungen abzuleiten und Ihre digitale Wertsch\u00f6pfung zu steigern. Ziel ist es, Ihnen durch h\u00f6here Entscheidungssicherheit, Effizienzsteigerung und neuen datengetriebenen Services \u00a0Wettbewerbsvorteile zu verschaffen. Dazu sch\u00f6pfen wir die M\u00f6glichkeiten von Big Data und Advanced Analytics aus und wenden sie zielgerichtet zur Probleml\u00f6sung an.<\/p>\n<\/div><\/section><\/div><\/div><\/div><\/main><!-- close content main element --><\/div><\/div><div id='after_section_1'  class='main_color av_default_container_wrap container_wrap sidebar_right' style=' '  ><div class='container' ><div class='template-page content  av-content-small alpha units'><div class='post-entry post-entry-type-page post-entry-129'><div class='entry-content-wrapper clearfix'><div class=\"flex_column av_one_full  flex_column_div av-zero-column-padding first  avia-builder-el-7  el_after_av_section  avia-builder-el-no-sibling  \" style='border-radius:0px; '><p><div  style='padding-bottom:10px; ' class='av-special-heading av-special-heading-h3    avia-builder-el-8  el_before_av_iconlist  avia-builder-el-first  '><h3 class='av-special-heading-tag '  itemprop=\"headline\"  >Unserer Leistungsumfang<\/h3><div class='special-heading-border'><div class='special-heading-inner-border' ><\/div><\/div><\/div><br \/>\n<div  class='avia-icon-list-container   avia-builder-el-9  el_after_av_heading  avia-builder-el-last '><ul class='avia-icon-list avia-icon-list-left av-iconlist-big avia_animate_when_almost_visible avia-iconlist-animate'>\n<li><div  class='iconlist_icon  avia-font-entypo-fontello'><span class='iconlist-char ' aria-hidden='true' data-av_icon='\ue898' data-av_iconfont='entypo-fontello'><\/span><\/div><article class=\"article-icon-entry \"  itemscope=\"itemscope\" itemtype=\"https:\/\/schema.org\/CreativeWork\" ><div class='iconlist_content_wrap'><header class=\"entry-content-header\"><h4 class='av_iconlist_title iconlist_title   '  itemprop=\"headline\"  >Datenmanagement<\/h4><\/header><div class='iconlist_content  '  itemprop=\"text\"  ><p>Damit Daten als Information genutzt werden k\u00f6nnen, m\u00fcssen diese identifiziert, \u00a0aufbereitet und transformiert und in ein\u00a0einheitliches Informationsdesign integriert werden. Auf der Grundlage der Prozessanalyse und gem\u00e4\u00df\u00a0Ihrer Anforderungen konzipieren\u00a0wir ein entsprechendes Datenmodell\u00a0f\u00fcr Sie und implementieren es in der Big Data Datenbank<\/p>\n<\/div><\/div><footer class=\"entry-footer\"><\/footer><\/article><div class='iconlist-timeline'><\/div><\/li>\n<li><div  class='iconlist_icon  avia-font-entypo-fontello'><span class='iconlist-char ' aria-hidden='true' data-av_icon='\ue898' data-av_iconfont='entypo-fontello'><\/span><\/div><article class=\"article-icon-entry \"  itemscope=\"itemscope\" itemtype=\"https:\/\/schema.org\/CreativeWork\" ><div class='iconlist_content_wrap'><header class=\"entry-content-header\"><h4 class='av_iconlist_title iconlist_title   '  itemprop=\"headline\"  >Basic Analytics<\/h4><\/header><div class='iconlist_content  '  itemprop=\"text\"  ><p>Entsprechend Ihren Anforderungen stellen wir die Information zusammen, auch individuell auf den Entscheidungstr\u00e4ger zugeschnitten.\u00a0Dabei programmieren wir die Analysen\u00a0und stellen die Ergebnisse als Tabellen oder Diagramme im Dashboard dar.<\/p>\n<\/div><\/div><footer class=\"entry-footer\"><\/footer><\/article><div class='iconlist-timeline'><\/div><\/li>\n<li><div  class='iconlist_icon  avia-font-entypo-fontello'><span class='iconlist-char ' aria-hidden='true' data-av_icon='\ue898' data-av_iconfont='entypo-fontello'><\/span><\/div><article class=\"article-icon-entry \"  itemscope=\"itemscope\" itemtype=\"https:\/\/schema.org\/CreativeWork\" ><div class='iconlist_content_wrap'><header class=\"entry-content-header\"><h4 class='av_iconlist_title iconlist_title   '  itemprop=\"headline\"  >Advanced Analytics<\/h4><\/header><div class='iconlist_content  '  itemprop=\"text\"  ><p>Wir wenden Methoden des maschinellen Lernens und der k\u00fcnstlichen Intelligenz an\u00a0um anhand der Daten Modelle zu entwickeln, die mit bestimmten Wahrscheinlichkeit Ereignisse vorhersagen oder Vorschl\u00e4ge generieren. Als lernendes Systeme werden diese Modelle optimiert und verbessert. Neben Prozessoptimierungen k\u00f6nnen insbesondere datengetriebene Gesch\u00e4ftsmodelle entwickelt werden.<\/p>\n<\/div><\/div><footer class=\"entry-footer\"><\/footer><\/article><div class='iconlist-timeline'><\/div><\/li>\n<li><div  class='iconlist_icon  avia-font-entypo-fontello'><span class='iconlist-char ' aria-hidden='true' data-av_icon='\ue898' data-av_iconfont='entypo-fontello'><\/span><\/div><article class=\"article-icon-entry \"  itemscope=\"itemscope\" itemtype=\"https:\/\/schema.org\/CreativeWork\" ><div class='iconlist_content_wrap'><header class=\"entry-content-header\"><h4 class='av_iconlist_title iconlist_title   '  itemprop=\"headline\"  >Real-Time Analytics<\/h4><\/header><div class='iconlist_content  '  itemprop=\"text\"  ><p>Bei Echt-Zeit Verarbeitung m\u00fcssen Daten innerhalb von Sekunden bis Millisekunden analysiert und die Ergebnisse berechnet werden. Wir programmieren und optimieren die Analyse-Programme, damit diese die gew\u00fcnschten Ergebnisse generieren und \u00a0die Anforderung an die Latenz erf\u00fcllen.<\/p>\n<\/div><\/div><footer class=\"entry-footer\"><\/footer><\/article><div class='iconlist-timeline'><\/div><\/li>\n<\/ul><\/div><\/p><\/div><\/p>\n","protected":false},"excerpt":{"rendered":"","protected":false},"author":2,"featured_media":0,"parent":117,"menu_order":0,"comment_status":"closed","ping_status":"closed","template":"","meta":[],"_links":{"self":[{"href":"https:\/\/enterprisemindfactory.com\/index.php?rest_route=\/wp\/v2\/pages\/129"}],"collection":[{"href":"https:\/\/enterprisemindfactory.com\/index.php?rest_route=\/wp\/v2\/pages"}],"about":[{"href":"https:\/\/enterprisemindfactory.com\/index.php?rest_route=\/wp\/v2\/types\/page"}],"author":[{"embeddable":true,"href":"https:\/\/enterprisemindfactory.com\/index.php?rest_route=\/wp\/v2\/users\/2"}],"replies":[{"embeddable":true,"href":"https:\/\/enterprisemindfactory.com\/index.php?rest_route=%2Fwp%2Fv2%2Fcomments&post=129"}],"version-history":[{"count":5,"href":"https:\/\/enterprisemindfactory.com\/index.php?rest_route=\/wp\/v2\/pages\/129\/revisions"}],"predecessor-version":[{"id":3544,"href":"https:\/\/enterprisemindfactory.com\/index.php?rest_route=\/wp\/v2\/pages\/129\/revisions\/3544"}],"up":[{"embeddable":true,"href":"https:\/\/enterprisemindfactory.com\/index.php?rest_route=\/wp\/v2\/pages\/117"}],"wp:attachment":[{"href":"https:\/\/enterprisemindfactory.com\/index.php?rest_route=%2Fwp%2Fv2%2Fmedia&parent=129"}],"curies":[{"name":"wp","href":"https:\/\/api.w.org\/{rel}","templated":true}]}}