{"id":3287,"date":"2016-09-06T13:31:55","date_gmt":"2016-09-06T13:31:55","guid":{"rendered":"http:\/\/c-bps.com\/?page_id=3287"},"modified":"2022-06-02T09:59:25","modified_gmt":"2022-06-02T09:59:25","slug":"f-unternehmen","status":"publish","type":"page","link":"https:\/\/enterprisemindfactory.com\/?page_id=3287","title":{"rendered":"F-Unternehmen"},"content":{"rendered":"<div id='av_section_1'  class='avia-section main_color avia-section-default avia-no-shadow  avia-bg-style-scroll  avia-builder-el-0  avia-builder-el-no-sibling   container_wrap sidebar_right' style=' '  ><div class='container' ><main  role=\"main\" itemprop=\"mainContentOfPage\"  class='template-page content  av-content-small alpha units'><div class='post-entry post-entry-type-page post-entry-3287'><div class='entry-content-wrapper clearfix'>\n<div class=\"flex_column av_one_full  flex_column_div first  avia-builder-el-1  el_before_av_one_third  avia-builder-el-first  \" ><section class=\"av_textblock_section \"  itemscope=\"itemscope\" itemtype=\"https:\/\/schema.org\/CreativeWork\" ><div class='avia_textblock  '   itemprop=\"text\" ><h2 style=\"text-align: center;\">EnterprisemindfactorY &#8211; Big Data und Analytics Solutions<\/h2>\n<\/div><\/section><br \/>\n<div   class='hr hr-short hr-center   avia-builder-el-3  el_after_av_textblock  avia-builder-el-last '><span class='hr-inner ' ><span class='hr-inner-style'><\/span><\/span><\/div><\/p><\/div><div class=\"flex_column av_one_third  flex_column_div av-zero-column-padding first  avia-builder-el-4  el_after_av_one_full  el_before_av_two_third  column-top-margin\" style='border-radius:0px; '><div   data-size='medium'  data-lightbox_size='large'  data-animation='slide'  data-conditional_play=''  data-ids='3890,4057'  data-video_counter='0'  data-autoplay='false'  data-bg_slider='false'  data-slide_height=''  data-handle='av_slideshow'  data-interval='5'  data-class=' avia-builder-el-5  avia-builder-el-no-sibling   avia-small-width-slider avia-super-small-width-slider'  data-el_id=''  data-css_id=''  data-scroll_down=''  data-control_layout='av-control-default'  data-custom_markup=''  data-perma_caption=''  data-autoplay_stopper=''  data-image_attachment=''  data-min_height='0px'  class='avia-slideshow avia-slideshow-1  av-control-default av-default-height-applied avia-slideshow-medium av_slideshow  avia-builder-el-5  avia-builder-el-no-sibling   avia-small-width-slider avia-super-small-width-slider avia-slide-slider '  itemprop=\"image\" itemscope=\"itemscope\" itemtype=\"https:\/\/schema.org\/ImageObject\" ><ul class='avia-slideshow-inner ' style='padding-bottom: 100%;' ><li  class=' av-single-slide slide-1 ' ><div data-rel='slideshow-1' class='avia-slide-wrap '   ><img class=\"wp-image-4057\"  src=\"https:\/\/enterprisemindfactory.com\/wp-content\/uploads\/2022\/06\/Pyramide_3.jpg\" width='300' height='300' title='Pyramide_3' alt=''  itemprop=\"thumbnailUrl\" srcset=\"https:\/\/enterprisemindfactory.com\/wp-content\/uploads\/2022\/06\/Pyramide_3.jpg 300w, https:\/\/enterprisemindfactory.com\/wp-content\/uploads\/2022\/06\/Pyramide_3-80x80.jpg 80w, https:\/\/enterprisemindfactory.com\/wp-content\/uploads\/2022\/06\/Pyramide_3-36x36.jpg 36w, https:\/\/enterprisemindfactory.com\/wp-content\/uploads\/2022\/06\/Pyramide_3-180x180.jpg 180w\" sizes=\"(max-width: 300px) 100vw, 300px\" \/><\/div><\/li><\/ul><\/div><\/div><div class=\"flex_column av_two_third  flex_column_div av-zero-column-padding   avia-builder-el-6  el_after_av_one_third  avia-builder-el-last  column-top-margin\" style='border-radius:0px; '><section class=\"av_textblock_section \"  itemscope=\"itemscope\" itemtype=\"https:\/\/schema.org\/CreativeWork\" ><div class='avia_textblock  '   itemprop=\"text\" ><h4 style=\"text-align: center;\">f\u00fchrende Technologien, exzellente Dienstleistungen und innovative L\u00f6sungen<\/h4>\n<p>Der Name EnterprisemindfactorY steht f\u00fcr datengetriebene Entscheidungsfindung. Ziel ist es, mit der richtigen Kombination aus Daten, k\u00fcnstlicher Intelligenz, Erfahrung und Intuition schneller und besser in der Entscheidungsf\u00e4higkeit zu werden und daraus einen Wettbewerbsvorteil zu gewinnen.<\/p>\n<p>Wir beschreiten mit Ihnen den Weg der digitalen Transformation und unterst\u00fctzen Sie dabei, die Chancen und Potentiale durch Digitalisierung und neue Technologien f\u00fcr Ihr Unternehmen zu nutzen. Dabei ist EnterpriseMind einer der wenigen Anbieter, der von der Analytics Platform und Analytics Suite bis zu den entsprechenden Dienstleistungen\u00a0das gesamte Spektrum abdeckt, um Ihnen ganzheitliche L\u00f6sungen anbieten zu k\u00f6nnen.<\/p>\n<p>Wie bieten unsere Dienstleistung insbesondere f\u00fcr die mittelst\u00e4ndische Unternehmen\u00a0an, da wir hier durch unsere langj\u00e4hrige Erfahrung und unseren ganzheitlichen Ansatz die gr\u00f6\u00dften Vorteile f\u00fcr unsere Kunden generieren k\u00f6nnen. Erfahren Sie auf unserer Homepage mehr \u00fcber unsere revolution\u00e4ren Technologien, exzellenten Dienstleistungen und innovative L\u00f6sungen.<\/p>\n<\/div><\/section><\/div><\/div><\/div><\/main><!-- close content main element --><\/div><\/div><div id='after_section_1'  class='main_color av_default_container_wrap container_wrap sidebar_right' style=' '  ><div class='container' ><div class='template-page content  av-content-small alpha units'><div class='post-entry post-entry-type-page post-entry-3287'><div class='entry-content-wrapper clearfix'>\n","protected":false},"excerpt":{"rendered":"","protected":false},"author":1,"featured_media":0,"parent":0,"menu_order":0,"comment_status":"open","ping_status":"open","template":"","meta":[],"_links":{"self":[{"href":"https:\/\/enterprisemindfactory.com\/index.php?rest_route=\/wp\/v2\/pages\/3287"}],"collection":[{"href":"https:\/\/enterprisemindfactory.com\/index.php?rest_route=\/wp\/v2\/pages"}],"about":[{"href":"https:\/\/enterprisemindfactory.com\/index.php?rest_route=\/wp\/v2\/types\/page"}],"author":[{"embeddable":true,"href":"https:\/\/enterprisemindfactory.com\/index.php?rest_route=\/wp\/v2\/users\/1"}],"replies":[{"embeddable":true,"href":"https:\/\/enterprisemindfactory.com\/index.php?rest_route=%2Fwp%2Fv2%2Fcomments&post=3287"}],"version-history":[{"count":2,"href":"https:\/\/enterprisemindfactory.com\/index.php?rest_route=\/wp\/v2\/pages\/3287\/revisions"}],"predecessor-version":[{"id":4922,"href":"https:\/\/enterprisemindfactory.com\/index.php?rest_route=\/wp\/v2\/pages\/3287\/revisions\/4922"}],"wp:attachment":[{"href":"https:\/\/enterprisemindfactory.com\/index.php?rest_route=%2Fwp%2Fv2%2Fmedia&parent=3287"}],"curies":[{"name":"wp","href":"https:\/\/api.w.org\/{rel}","templated":true}]}}