{"id":45,"date":"2020-10-07T12:28:55","date_gmt":"2020-10-07T12:28:55","guid":{"rendered":"http:\/\/enterprisemindfactory.com\/?page_id=45"},"modified":"2023-05-07T15:56:53","modified_gmt":"2023-05-07T15:56:53","slug":"a-home","status":"publish","type":"page","link":"https:\/\/enterprisemindfactory.com\/","title":{"rendered":"A-Home"},"content":{"rendered":"<div id='layer_slider_1'  class='avia-layerslider main_color avia-shadow  avia-builder-el-0  el_before_av_one_full  avia-builder-el-first  container_wrap sidebar_right' style='  height: 471px; max-width: 1140px; margin: 0 auto;' ><\/div><div id='after_layer_slider_1'  class='main_color av_default_container_wrap container_wrap sidebar_right' style=' '  ><div class='container' ><div class='template-page content  av-content-small alpha units'><div class='post-entry post-entry-type-page post-entry-45'><div class='entry-content-wrapper clearfix'>\n<div class=\"flex_column av_one_full  flex_column_div av-zero-column-padding first  avia-builder-el-1  el_after_av_layerslider  el_before_av_one_fourth  avia-builder-el-first  \" style='border-radius:0px; '><section class=\"av_textblock_section \"  itemscope=\"itemscope\" itemtype=\"https:\/\/schema.org\/CreativeWork\" ><div class='avia_textblock  av_inherit_color '   itemprop=\"text\" ><p style=\"margin: 0in; font-family: Arial; font-size: 12.0pt; color: black;\"><span style=\"background: whitesmoke;\">Wir sind bestrebt, unsere Kunden dabei zu unterst\u00fctzen, deren digitale Transformation voranzutreiben und die Grundlage f\u00fcr zuk\u00fcnftigen Erfolg zu schaffen. <\/span><\/p>\n<p><span style=\"background: whitesmoke;\">Die Mission der EnterprisemindfactorY ist es, den Kunden bei der Integration, Verwaltung und Bereitstellung der Gesch\u00e4ftsdaten zu unterst\u00fctzen und damit die Effizienz der Gesch\u00e4ftsprozesse zu steigern. Wir machen die Gesch\u00e4ftsprozesse transparent, verkn\u00fcpfen und analysieren Daten, sammeln wertvolle Erkenntnisse und liefern alle Informationen, die Unternehmen ben\u00f6tigen, um die richtigen Entscheidungen zu treffen. <\/span><\/p>\n<p><span style=\"background: whitesmoke;\">Basierend auf modernster Big Data-, KI- und Cloud-Technologie haben wir eine Plattform entwickelt, die es jedem Unternehmen erm\u00f6glicht, ein intelligentes, smartes und nachhaltiges Unternehmen zu werden. <\/span><\/p>\n<\/div><\/section><\/div><div class=\"flex_column av_one_fourth  flex_column_div av-zero-column-padding first  avia-builder-el-3  el_after_av_one_full  el_before_av_one_fourth  column-top-margin\" style='border-radius:0px; '><article  class=\"iconbox iconbox_top av-no-box   avia-builder-el-4  avia-builder-el-no-sibling  \"  itemscope=\"itemscope\" itemtype=\"https:\/\/schema.org\/CreativeWork\" ><div class=\"iconbox_content\"><header class=\"entry-content-header\"><div class=\"iconbox_icon heading-color\" aria-hidden='true' data-av_icon='\ue8da' data-av_iconfont='entypo-fontello'  ><\/div><h3 class='iconbox_content_title  '  itemprop=\"headline\"  >Prozess Digitalisierung <\/h3><\/header><div class='iconbox_content_container  '  itemprop=\"text\"  ><p>Generieren Sie durch die\u00a0<strong>Digitalisierung<\/strong>\u00a0<strong>Ihrer Gesch\u00e4ftsprozesse<\/strong>\u00a0Wettbewerbsvorteile wie Kosteneinsparungen durch Automatisierung von Prozessschritten sowie Erh\u00f6hung der Prozessgeschwindigkeit und der Qualit\u00e4t.<\/p>\n<\/div><\/div><footer class=\"entry-footer\"><\/footer><\/article><\/div><\/p>\n<div class=\"flex_column av_one_fourth  flex_column_div av-zero-column-padding   avia-builder-el-5  el_after_av_one_fourth  el_before_av_one_fourth  column-top-margin\" style='border-radius:0px; '><article  class=\"iconbox iconbox_top av-no-box   avia-builder-el-6  avia-builder-el-no-sibling  \"  itemscope=\"itemscope\" itemtype=\"https:\/\/schema.org\/CreativeWork\" ><div class=\"iconbox_content\"><header class=\"entry-content-header\"><div class=\"iconbox_icon heading-color\" aria-hidden='true' data-av_icon='\ue8c6' data-av_iconfont='entypo-fontello'  ><\/div><h3 class='iconbox_content_title  '  itemprop=\"headline\"  >Enterprise 360<\/h3><\/header><div class='iconbox_content_container  '  itemprop=\"text\"  ><p>unternehmensweites, ganzheitliches\u00a0<strong>Reporting und Steuerungssystem<\/strong>\u00a0auf der Grundlage von Big Data und Analytics f\u00fcr datengetriebene Entscheidungsfindung mit hohem Automatisierungsgrad<\/p>\n<\/div><\/div><footer class=\"entry-footer\"><\/footer><\/article><\/div>\n<div class=\"flex_column av_one_fourth  flex_column_div av-zero-column-padding   avia-builder-el-7  el_after_av_one_fourth  el_before_av_one_fourth  column-top-margin\" style='border-radius:0px; '><article  class=\"iconbox iconbox_top av-no-box   avia-builder-el-8  avia-builder-el-no-sibling  \"  itemscope=\"itemscope\" itemtype=\"https:\/\/schema.org\/CreativeWork\" ><div class=\"iconbox_content\"><header class=\"entry-content-header\"><div class=\"iconbox_icon heading-color\" aria-hidden='true' data-av_icon='\ue8ad' data-av_iconfont='entypo-fontello'  ><\/div><h3 class='iconbox_content_title  '  itemprop=\"headline\"  >Industrie 4.0<\/h3><\/header><div class='iconbox_content_container  '  itemprop=\"text\"  ><p>Mit unsere Industrie4.0-L\u00f6sung k\u00f6nnen Ihre Sensordaten in\u00a0<strong>Echtzeit<\/strong>\u00a0als \u201eStreams\u201c in der ,,<strong>Real-Time Analytics<\/strong>\u201c Plattform empfangen, verarbeitet und analysiert werden. Nutzen Sie neue M\u00f6glicheiten der Fertigung und erweitern Sie Ihr Portfolion durch neue Services.<\/p>\n<\/div><\/div><footer class=\"entry-footer\"><\/footer><\/article><\/div>\n<div class=\"flex_column av_one_fourth  flex_column_div av-zero-column-padding   avia-builder-el-9  el_after_av_one_fourth  el_before_av_one_fourth  column-top-margin\" style='border-radius:0px; '><article  class=\"iconbox iconbox_top av-no-box   avia-builder-el-10  avia-builder-el-no-sibling  \"  itemscope=\"itemscope\" itemtype=\"https:\/\/schema.org\/CreativeWork\" ><div class=\"iconbox_content\"><header class=\"entry-content-header\"><div class=\"iconbox_icon heading-color\" aria-hidden='true' data-av_icon='\ue864' data-av_iconfont='entypo-fontello'  ><\/div><h3 class='iconbox_content_title  '  itemprop=\"headline\"  >Business Analytics<\/h3><\/header><div class='iconbox_content_container  '  itemprop=\"text\"  ><p>Neue M\u00f6glichkeiten und neue Gesch\u00e4ftsmodelle durch\u00a0Auswertung von Massendaten, Mustererkennung, Prognosemodellen und\u00a0<strong>intelligenten Systemen<\/strong>\u00a0auf der Grundlage von\u00a0<strong>Big-Data<\/strong>,\u00a0<strong>In-Memory<\/strong>\u00a0und Cluster-Computing.<\/p>\n<\/div><\/div><footer class=\"entry-footer\"><\/footer><\/article><\/div>\n<div class=\"flex_column av_one_fourth  flex_column_div av-zero-column-padding first  avia-builder-el-11  el_after_av_one_fourth  el_before_av_one_fourth  column-top-margin\" style='border-radius:0px; '><article  class=\"iconbox iconbox_top av-no-box   avia-builder-el-12  avia-builder-el-no-sibling  \"  itemscope=\"itemscope\" itemtype=\"https:\/\/schema.org\/CreativeWork\" ><div class=\"iconbox_content\"><header class=\"entry-content-header\"><div class=\"iconbox_icon heading-color\" aria-hidden='true' data-av_icon='\ue8a8' data-av_iconfont='entypo-fontello'  ><\/div><h3 class='iconbox_content_title  '  itemprop=\"headline\"  >F\u00fchrende Technologie<\/h3><\/header><div class='iconbox_content_container  '  itemprop=\"text\"  ><p>Unsere L\u00f6sungen basieren auf f\u00fchrenden Technologien wie AWS, Mesos, Cassandra, Spark und Kafka.<br \/>\nDamit profitieren sie von zuk\u00fcnftigen technologischen Entwicklungen und sind von einem Anbieter unabh\u00e4ngig.<\/p>\n<\/div><\/div><footer class=\"entry-footer\"><\/footer><\/article><\/div>\n<div class=\"flex_column av_one_fourth  flex_column_div av-zero-column-padding   avia-builder-el-13  el_after_av_one_fourth  el_before_av_one_fourth  column-top-margin\" style='border-radius:0px; '><article  class=\"iconbox iconbox_top av-no-box   avia-builder-el-14  avia-builder-el-no-sibling  \"  itemscope=\"itemscope\" itemtype=\"https:\/\/schema.org\/CreativeWork\" ><div class=\"iconbox_content\"><header class=\"entry-content-header\"><div class=\"iconbox_icon heading-color\" aria-hidden='true' data-av_icon='\ue8b1' data-av_iconfont='entypo-fontello'  ><\/div><h3 class='iconbox_content_title  '  itemprop=\"headline\"  >Ganzheitlicher L\u00f6sungsansatz<\/h3><\/header><div class='iconbox_content_container  '  itemprop=\"text\"  ><p>Mit unseren Analytics Plattformen, Analytics Suite und dem Dienstleistungsportfolio decken wir technologisch und prozessual die notwendigen Bereiche ab um Ihnen eine komplette\u00a0L\u00f6sung\u00a0realisieren zu k\u00f6nnen.<\/p>\n<\/div><\/div><footer class=\"entry-footer\"><\/footer><\/article><\/div>\n<div class=\"flex_column av_one_fourth  flex_column_div av-zero-column-padding   avia-builder-el-15  el_after_av_one_fourth  el_before_av_one_fourth  column-top-margin\" style='border-radius:0px; '><article  class=\"iconbox iconbox_top av-no-box   avia-builder-el-16  avia-builder-el-no-sibling  \"  itemscope=\"itemscope\" itemtype=\"https:\/\/schema.org\/CreativeWork\" ><div class=\"iconbox_content\"><header class=\"entry-content-header\"><div class=\"iconbox_icon heading-color\" aria-hidden='true' data-av_icon='\ue8c7' data-av_iconfont='entypo-fontello'  ><\/div><h3 class='iconbox_content_title  '  itemprop=\"headline\"  >cloudbasiert und hoch skalierbar<\/h3><\/header><div class='iconbox_content_container  '  itemprop=\"text\"  ><p>Beim IaaS (Infrastructure as a Service) Model stellt der Cloud-Anbieter Ihnen grundlegende IT-Ressourcen wie Rechenleistung, Storage oder Netzwerkkapazit\u00e4ten zur Verf\u00fcgung. \u00a0Dank der hohen Skalierbarkeit unseres Systems und der verbrauchsbasierten Abrechnung der Cloud-Anbieter k\u00f6nnen Sie mit geringen Anfangsinvestitionen \u00a0Ihre\u00a0Projekte implementieren<\/p>\n<\/div><\/div><footer class=\"entry-footer\"><\/footer><\/article><\/div>\n<div class=\"flex_column av_one_fourth  flex_column_div av-zero-column-padding   avia-builder-el-17  el_after_av_one_fourth  el_before_av_promobox  column-top-margin\" style='border-radius:0px; '><article  class=\"iconbox iconbox_top av-no-box   avia-builder-el-18  avia-builder-el-no-sibling  \"  itemscope=\"itemscope\" itemtype=\"https:\/\/schema.org\/CreativeWork\" ><div class=\"iconbox_content\"><header class=\"entry-content-header\"><div class=\"iconbox_icon heading-color\" aria-hidden='true' data-av_icon='\ue8dd' data-av_iconfont='entypo-fontello'  ><\/div><h3 class='iconbox_content_title  '  itemprop=\"headline\"  >Agile und Flexible Implementierung<\/h3><\/header><div class='iconbox_content_container  '  itemprop=\"text\"  ><p>Da unsere L\u00f6sungen cloudbasiert sind, k\u00f6nnen wir diese schnell und flexibel in Ihrer ,,Private Cloud\u201c implementieren und die technischen Vorausatzung f\u00fcr unsere\u00a0L\u00f6sungen schaffen. Dabei\u00a0verfolgen wir einen agilen Ansatz, indem man bereits in einer fr\u00fchen Phasen me\u00dfbare Ergebnisse und Erfolge erzielt.<\/p>\n<\/div><\/div><footer class=\"entry-footer\"><\/footer><\/article><\/div>\n\t<div   class='av_promobox  avia-button-yes   avia-builder-el-19  el_after_av_one_fourth  el_before_av_one_full '>\t\t<div class='avia-promocontent'><p>\nWir beschreiten mit Ihnen den Weg der digitalen Transformation und unterst\u00fctzen Sie dabei, die Chancen und Potentiale durch Digitalisierung und neue Technologien f\u00fcr Ihr Unternehmen zu nutzen.<\/p>\n<\/div><div  class='avia-button-wrap avia-button-right ' ><a href='https:\/\/enterprisemindfactory.com\/?page_id=67'  class='avia-button  avia-color-theme-color   avia-icon_select-no avia-size-large avia-position-right '   ><span class='avia_iconbox_title' >Erfahren Sie Mehr<\/span><\/a><\/div><\/div>\n<div class=\"flex_column av_one_full  flex_column_div av-zero-column-padding first  avia-builder-el-20  el_after_av_promobox  avia-builder-el-last  \" style='border-radius:0px; '><p><div  style='padding-bottom:10px; ' class='av-special-heading av-special-heading-h4    avia-builder-el-21  el_before_av_postslider  avia-builder-el-first  '><h4 class='av-special-heading-tag '  itemprop=\"headline\"  >Latest News<\/h4><div class='special-heading-border'><div class='special-heading-inner-border' ><\/div><\/div><\/div><br \/>\n<div   data-autoplay='1'  data-interval='5'  data-animation='fade'  data-show_slide_delay='90'  class='avia-content-slider avia-content-slider-active avia-content-slider1 avia-content-slider-even  avia-builder-el-22  el_after_av_heading  avia-builder-el-last  '  itemscope=\"itemscope\" itemtype=\"https:\/\/schema.org\/Blog\" ><div class='avia-content-slider-inner'><div class='slide-entry-wrap'><article class='slide-entry flex_column  post-entry post-entry-4998 slide-entry-overview slide-loop-1 slide-parity-odd  av_one_fourth first real-thumbnail post-format-standard'  itemscope=\"itemscope\" itemtype=\"https:\/\/schema.org\/CreativeWork\" ><a href='https:\/\/enterprisemindfactory.com\/?p=4998' data-rel='slide-1' class='slide-image' title='EnterprisemindfactorY stellt eine neue Plattform zur Prozessoptimierung mit AI vor.'><img width=\"260\" height=\"185\" src=\"https:\/\/enterprisemindfactory.com\/wp-content\/uploads\/2022\/05\/Fotolia_105817897_S-260x185.jpeg\" class=\"wp-image-3593 attachment-portfolio_small size-portfolio_small wp-post-image\" alt=\"\" loading=\"lazy\" srcset=\"https:\/\/enterprisemindfactory.com\/wp-content\/uploads\/2022\/05\/Fotolia_105817897_S-260x185.jpeg 260w, https:\/\/enterprisemindfactory.com\/wp-content\/uploads\/2022\/05\/Fotolia_105817897_S-300x213.jpeg 300w, https:\/\/enterprisemindfactory.com\/wp-content\/uploads\/2022\/05\/Fotolia_105817897_S-768x544.jpeg 768w, https:\/\/enterprisemindfactory.com\/wp-content\/uploads\/2022\/05\/Fotolia_105817897_S-705x499.jpeg 705w, https:\/\/enterprisemindfactory.com\/wp-content\/uploads\/2022\/05\/Fotolia_105817897_S.jpeg 823w\" sizes=\"(max-width: 260px) 100vw, 260px\" \/><\/a><div class='slide-content'><header class=\"entry-content-header\"><h3 class='slide-entry-title entry-title '  itemprop=\"headline\" ><a href='https:\/\/enterprisemindfactory.com\/?p=4998' title='EnterprisemindfactorY stellt eine neue Plattform zur Prozessoptimierung mit AI vor.'>EnterprisemindfactorY stellt eine neue Plattform zur Prozessoptimierung mit AI vor.<\/a><\/h3><span class=\"av-vertical-delimiter\"><\/span><\/header><div class='slide-meta'><div class='slide-meta-comments'><a href='https:\/\/enterprisemindfactory.com\/?p=4998#respond'>0 Kommentare<\/a><\/div><div class='slide-meta-del'>\/<\/div><time class='slide-meta-time updated'  itemprop=\"datePublished\" datetime=\"2024-11-19T13:47:27+00:00\" >November 19, 2024<\/time><\/div><div class='slide-entry-excerpt entry-content'  itemprop=\"text\" >Ziel ist eine intuitive Modellierung von Gesch\u00e4ftsprozessen\u2026<\/div><\/div><footer class=\"entry-footer\"><\/footer><span class='hidden'>\n\t\t\t\t<span class='av-structured-data'  itemprop=\"image\" itemscope=\"itemscope\" itemtype=\"https:\/\/schema.org\/ImageObject\" >\n\t\t\t\t\t\t<span itemprop='url'>https:\/\/enterprisemindfactory.com\/wp-content\/uploads\/2022\/05\/Fotolia_105817897_S.jpeg<\/span>\n\t\t\t\t\t\t<span itemprop='height'>583<\/span>\n\t\t\t\t\t\t<span itemprop='width'>823<\/span>\n\t\t\t\t<\/span>\n\t\t\t\t<span class='av-structured-data'  itemprop=\"publisher\" itemtype=\"https:\/\/schema.org\/Organization\" itemscope=\"itemscope\" >\n\t\t\t\t\t\t<span itemprop='name'>langoschd<\/span>\n\t\t\t\t\t\t<span itemprop='logo' itemscope itemtype='https:\/\/schema.org\/ImageObject'>\n\t\t\t\t\t\t\t<span itemprop='url'>http:\/\/enterprisemindfactory.com\/wp-content\/uploads\/2021\/04\/Slice3-300x63.png<\/span>\n\t\t\t\t\t\t <\/span>\n\t\t\t\t<\/span><span class='av-structured-data'  itemprop=\"author\" itemscope=\"itemscope\" itemtype=\"https:\/\/schema.org\/Person\" ><span itemprop='name'>langoschd<\/span><\/span><span class='av-structured-data'  itemprop=\"datePublished\" datetime=\"2020-10-07T12:28:55+00:00\" >2024-11-19 13:47:27<\/span><span class='av-structured-data'  itemprop=\"dateModified\" itemtype=\"https:\/\/schema.org\/dateModified\" >2025-03-19 13:51:37<\/span><span class='av-structured-data'  itemprop=\"mainEntityOfPage\" itemtype=\"https:\/\/schema.org\/mainEntityOfPage\" ><span itemprop='name'>EnterprisemindfactorY stellt eine neue Plattform zur Prozessoptimierung mit AI vor.<\/span><\/span><\/span><\/article><article class='slide-entry flex_column  post-entry post-entry-4049 slide-entry-overview slide-loop-2 slide-parity-even  av_one_fourth  real-thumbnail post-format-standard'  itemscope=\"itemscope\" itemtype=\"https:\/\/schema.org\/CreativeWork\" ><a href='https:\/\/enterprisemindfactory.com\/?p=4049' data-rel='slide-1' class='slide-image' title='Neuer Firmen Sitz in Mainz'><img width=\"260\" height=\"185\" src=\"https:\/\/enterprisemindfactory.com\/wp-content\/uploads\/2022\/06\/Titelbild_Gutenberg-Hub-705x394-1-260x185.jpeg\" class=\"wp-image-4050 attachment-portfolio_small size-portfolio_small wp-post-image\" alt=\"\" loading=\"lazy\" \/><\/a><div class='slide-content'><header class=\"entry-content-header\"><h3 class='slide-entry-title entry-title '  itemprop=\"headline\" ><a href='https:\/\/enterprisemindfactory.com\/?p=4049' title='Neuer Firmen Sitz in Mainz'>Neuer Firmen Sitz in Mainz<\/a><\/h3><span class=\"av-vertical-delimiter\"><\/span><\/header><div class='slide-meta'><div class='slide-meta-comments'><a href='https:\/\/enterprisemindfactory.com\/?p=4049#respond'>0 Kommentare<\/a><\/div><div class='slide-meta-del'>\/<\/div><time class='slide-meta-time updated'  itemprop=\"datePublished\" datetime=\"2022-06-02T09:34:19+00:00\" >Juni 2, 2022<\/time><\/div><div class='slide-entry-excerpt entry-content'  itemprop=\"text\" >\r\n\r\n&nbsp;\r\n\r\nWir freuen uns unsere neue B\u00fcror\u00e4ume in der Mainz\u2026<\/div><\/div><footer class=\"entry-footer\"><\/footer><span class='hidden'>\n\t\t\t\t<span class='av-structured-data'  itemprop=\"image\" itemscope=\"itemscope\" itemtype=\"https:\/\/schema.org\/ImageObject\" >\n\t\t\t\t\t\t<span itemprop='url'>https:\/\/enterprisemindfactory.com\/wp-content\/uploads\/2022\/06\/Titelbild_Gutenberg-Hub-705x394-1.jpeg<\/span>\n\t\t\t\t\t\t<span itemprop='height'>394<\/span>\n\t\t\t\t\t\t<span itemprop='width'>705<\/span>\n\t\t\t\t<\/span>\n\t\t\t\t<span class='av-structured-data'  itemprop=\"publisher\" itemtype=\"https:\/\/schema.org\/Organization\" itemscope=\"itemscope\" >\n\t\t\t\t\t\t<span itemprop='name'>langoschd<\/span>\n\t\t\t\t\t\t<span itemprop='logo' itemscope itemtype='https:\/\/schema.org\/ImageObject'>\n\t\t\t\t\t\t\t<span itemprop='url'>http:\/\/enterprisemindfactory.com\/wp-content\/uploads\/2021\/04\/Slice3-300x63.png<\/span>\n\t\t\t\t\t\t <\/span>\n\t\t\t\t<\/span><span class='av-structured-data'  itemprop=\"author\" itemscope=\"itemscope\" itemtype=\"https:\/\/schema.org\/Person\" ><span itemprop='name'>langoschd<\/span><\/span><span class='av-structured-data'  itemprop=\"datePublished\" datetime=\"2020-10-07T12:28:55+00:00\" >2022-06-02 09:34:19<\/span><span class='av-structured-data'  itemprop=\"dateModified\" itemtype=\"https:\/\/schema.org\/dateModified\" >2022-06-09 06:53:03<\/span><span class='av-structured-data'  itemprop=\"mainEntityOfPage\" itemtype=\"https:\/\/schema.org\/mainEntityOfPage\" ><span itemprop='name'>Neuer Firmen Sitz in Mainz<\/span><\/span><\/span><\/article><article class='slide-entry flex_column  post-entry post-entry-4870 slide-entry-overview slide-loop-3 slide-parity-odd  av_one_fourth  real-thumbnail post-format-standard'  itemscope=\"itemscope\" itemtype=\"https:\/\/schema.org\/CreativeWork\" ><a href='https:\/\/enterprisemindfactory.com\/?p=4870' data-rel='slide-1' class='slide-image' title='EM4Cloud: Unsere Cloudsuite ist jetzt als SaaS Verf\u00fcgbar'><img width=\"260\" height=\"185\" src=\"https:\/\/enterprisemindfactory.com\/wp-content\/uploads\/2022\/08\/2022-08-03-14_08_11-EM-Business-Analytics-260x185.png\" class=\"wp-image-4833 attachment-portfolio_small size-portfolio_small wp-post-image\" alt=\"\" loading=\"lazy\" \/><\/a><div class='slide-content'><header class=\"entry-content-header\"><h3 class='slide-entry-title entry-title '  itemprop=\"headline\" ><a href='https:\/\/enterprisemindfactory.com\/?p=4870' title='EM4Cloud: Unsere Cloudsuite ist jetzt als SaaS Verf\u00fcgbar'>EM4Cloud: Unsere Cloudsuite ist jetzt als SaaS Verf\u00fcgbar<\/a><\/h3><span class=\"av-vertical-delimiter\"><\/span><\/header><div class='slide-meta'><div class='slide-meta-comments'><a href='https:\/\/enterprisemindfactory.com\/?p=4870#respond'>0 Kommentare<\/a><\/div><div class='slide-meta-del'>\/<\/div><time class='slide-meta-time updated'  itemprop=\"datePublished\" datetime=\"2022-02-01T14:14:18+00:00\" >Februar 1, 2022<\/time><\/div><div class='slide-entry-excerpt entry-content'  itemprop=\"text\" >\r\n\r\nEs freut uns zu verk\u00fcnden dass unsere Cloud Suite mit den\u2026<\/div><\/div><footer class=\"entry-footer\"><\/footer><span class='hidden'>\n\t\t\t\t<span class='av-structured-data'  itemprop=\"image\" itemscope=\"itemscope\" itemtype=\"https:\/\/schema.org\/ImageObject\" >\n\t\t\t\t\t\t<span itemprop='url'>https:\/\/enterprisemindfactory.com\/wp-content\/uploads\/2022\/08\/2022-08-03-14_08_11-EM-Business-Analytics.png<\/span>\n\t\t\t\t\t\t<span itemprop='height'>771<\/span>\n\t\t\t\t\t\t<span itemprop='width'>1327<\/span>\n\t\t\t\t<\/span>\n\t\t\t\t<span class='av-structured-data'  itemprop=\"publisher\" itemtype=\"https:\/\/schema.org\/Organization\" itemscope=\"itemscope\" >\n\t\t\t\t\t\t<span itemprop='name'>langoschd<\/span>\n\t\t\t\t\t\t<span itemprop='logo' itemscope itemtype='https:\/\/schema.org\/ImageObject'>\n\t\t\t\t\t\t\t<span itemprop='url'>http:\/\/enterprisemindfactory.com\/wp-content\/uploads\/2021\/04\/Slice3-300x63.png<\/span>\n\t\t\t\t\t\t <\/span>\n\t\t\t\t<\/span><span class='av-structured-data'  itemprop=\"author\" itemscope=\"itemscope\" itemtype=\"https:\/\/schema.org\/Person\" ><span itemprop='name'>langoschd<\/span><\/span><span class='av-structured-data'  itemprop=\"datePublished\" datetime=\"2020-10-07T12:28:55+00:00\" >2022-02-01 14:14:18<\/span><span class='av-structured-data'  itemprop=\"dateModified\" itemtype=\"https:\/\/schema.org\/dateModified\" >2022-08-03 14:14:40<\/span><span class='av-structured-data'  itemprop=\"mainEntityOfPage\" itemtype=\"https:\/\/schema.org\/mainEntityOfPage\" ><span itemprop='name'>EM4Cloud: Unsere Cloudsuite ist jetzt als SaaS Verf\u00fcgbar<\/span><\/span><\/span><\/article><article class='slide-entry flex_column  post-entry post-entry-4836 slide-entry-overview slide-loop-4 slide-parity-even  post-entry-last  av_one_fourth  real-thumbnail post-format-standard'  itemscope=\"itemscope\" itemtype=\"https:\/\/schema.org\/CreativeWork\" ><a href='https:\/\/enterprisemindfactory.com\/?p=4836' data-rel='slide-1' class='slide-image' title='Venture Capital Fond der ISB beteiligt sich an der EMindfactorY'><img width=\"260\" height=\"185\" src=\"https:\/\/enterprisemindfactory.com\/wp-content\/uploads\/2022\/08\/2022-08-03-13_41_10-EFRE_-Foerderung-260x185.png\" class=\"wp-image-4829 attachment-portfolio_small size-portfolio_small wp-post-image\" alt=\"\" loading=\"lazy\" \/><\/a><div class='slide-content'><header class=\"entry-content-header\"><h3 class='slide-entry-title entry-title '  itemprop=\"headline\" ><a href='https:\/\/enterprisemindfactory.com\/?p=4836' title='Venture Capital Fond der ISB beteiligt sich an der EMindfactorY'>Venture Capital Fond der ISB beteiligt sich an der EMindfactorY<\/a><\/h3><span class=\"av-vertical-delimiter\"><\/span><\/header><div class='slide-meta'><div class='slide-meta-comments'><a href='https:\/\/enterprisemindfactory.com\/?p=4836#respond'>0 Kommentare<\/a><\/div><div class='slide-meta-del'>\/<\/div><time class='slide-meta-time updated'  itemprop=\"datePublished\" datetime=\"2021-08-03T12:27:43+00:00\" >August 3, 2021<\/time><\/div><div class='slide-entry-excerpt entry-content'  itemprop=\"text\" >\r\n\r\n&nbsp;\r\n\r\nDie Investitions- und Strukturbank Rheinland-Pfalz\u2026<\/div><\/div><footer class=\"entry-footer\"><\/footer><span class='hidden'>\n\t\t\t\t<span class='av-structured-data'  itemprop=\"image\" itemscope=\"itemscope\" itemtype=\"https:\/\/schema.org\/ImageObject\" >\n\t\t\t\t\t\t<span itemprop='url'>https:\/\/enterprisemindfactory.com\/wp-content\/uploads\/2022\/08\/2022-08-03-13_41_10-EFRE_-Foerderung.png<\/span>\n\t\t\t\t\t\t<span itemprop='height'>484<\/span>\n\t\t\t\t\t\t<span itemprop='width'>1291<\/span>\n\t\t\t\t<\/span>\n\t\t\t\t<span class='av-structured-data'  itemprop=\"publisher\" itemtype=\"https:\/\/schema.org\/Organization\" itemscope=\"itemscope\" >\n\t\t\t\t\t\t<span itemprop='name'>langoschd<\/span>\n\t\t\t\t\t\t<span itemprop='logo' itemscope itemtype='https:\/\/schema.org\/ImageObject'>\n\t\t\t\t\t\t\t<span itemprop='url'>http:\/\/enterprisemindfactory.com\/wp-content\/uploads\/2021\/04\/Slice3-300x63.png<\/span>\n\t\t\t\t\t\t <\/span>\n\t\t\t\t<\/span><span class='av-structured-data'  itemprop=\"author\" itemscope=\"itemscope\" itemtype=\"https:\/\/schema.org\/Person\" ><span itemprop='name'>langoschd<\/span><\/span><span class='av-structured-data'  itemprop=\"datePublished\" datetime=\"2020-10-07T12:28:55+00:00\" >2021-08-03 12:27:43<\/span><span class='av-structured-data'  itemprop=\"dateModified\" itemtype=\"https:\/\/schema.org\/dateModified\" >2022-08-03 13:10:58<\/span><span class='av-structured-data'  itemprop=\"mainEntityOfPage\" itemtype=\"https:\/\/schema.org\/mainEntityOfPage\" ><span itemprop='name'>Venture Capital Fond der ISB beteiligt sich an der EMindfactorY<\/span><\/span><\/span><\/article><\/div><\/div><\/div><\/p><\/div>\n","protected":false},"excerpt":{"rendered":"","protected":false},"author":1,"featured_media":0,"parent":0,"menu_order":0,"comment_status":"closed","ping_status":"closed","template":"","meta":[],"_links":{"self":[{"href":"https:\/\/enterprisemindfactory.com\/index.php?rest_route=\/wp\/v2\/pages\/45"}],"collection":[{"href":"https:\/\/enterprisemindfactory.com\/index.php?rest_route=\/wp\/v2\/pages"}],"about":[{"href":"https:\/\/enterprisemindfactory.com\/index.php?rest_route=\/wp\/v2\/types\/page"}],"author":[{"embeddable":true,"href":"https:\/\/enterprisemindfactory.com\/index.php?rest_route=\/wp\/v2\/users\/1"}],"replies":[{"embeddable":true,"href":"https:\/\/enterprisemindfactory.com\/index.php?rest_route=%2Fwp%2Fv2%2Fcomments&post=45"}],"version-history":[{"count":24,"href":"https:\/\/enterprisemindfactory.com\/index.php?rest_route=\/wp\/v2\/pages\/45\/revisions"}],"predecessor-version":[{"id":4992,"href":"https:\/\/enterprisemindfactory.com\/index.php?rest_route=\/wp\/v2\/pages\/45\/revisions\/4992"}],"wp:attachment":[{"href":"https:\/\/enterprisemindfactory.com\/index.php?rest_route=%2Fwp%2Fv2%2Fmedia&parent=45"}],"curies":[{"name":"wp","href":"https:\/\/api.w.org\/{rel}","templated":true}]}}