{"id":67,"date":"2022-05-30T20:59:29","date_gmt":"2022-05-30T20:59:29","guid":{"rendered":"http:\/\/enterprisemindfactory.com\/?page_id=67"},"modified":"2022-05-30T20:59:29","modified_gmt":"2022-05-30T20:59:29","slug":"b-produkte","status":"publish","type":"page","link":"https:\/\/enterprisemindfactory.com\/?page_id=67","title":{"rendered":"B-Produkte"},"content":{"rendered":"<div id='av_section_1'  class='avia-section main_color avia-section-default avia-no-border-styling  avia-bg-style-scroll  avia-builder-el-0  el_before_av_one_third  avia-builder-el-first   container_wrap sidebar_right' style=' '  ><div class='container' ><main  role=\"main\" itemprop=\"mainContentOfPage\"  class='template-page content  av-content-small alpha units'><div class='post-entry post-entry-type-page post-entry-67'><div class='entry-content-wrapper clearfix'>\n<div class=\"flex_column av_one_full  flex_column_div av-zero-column-padding first  avia-builder-el-1  avia-builder-el-no-sibling  \" style='border-radius:0px; '><section class=\"av_textblock_section \"  itemscope=\"itemscope\" itemtype=\"https:\/\/schema.org\/CreativeWork\" ><div class='avia_textblock  '   itemprop=\"text\" ><h2 style=\"text-align: center;\">Erh\u00f6hen Sie die Wertsch\u00f6pfung aus Ihren Daten<\/h2>\n<\/div><\/section><\/div>\n<\/div><\/div><\/main><!-- close content main element --><\/div><\/div><div id='after_section_1'  class='main_color av_default_container_wrap container_wrap sidebar_right' style=' '  ><div class='container' ><div class='template-page content  av-content-small alpha units'><div class='post-entry post-entry-type-page post-entry-67'><div class='entry-content-wrapper clearfix'>\n<div class=\"flex_column av_one_third  flex_column_div av-zero-column-padding first  avia-builder-el-3  el_after_av_section  el_before_av_one_third  avia-builder-el-first  \" style='border-radius:0px; '><p><div   data-size='medium'  data-lightbox_size='large'  data-animation='slide'  data-conditional_play=''  data-ids='3403'  data-video_counter='0'  data-autoplay='false'  data-bg_slider='false'  data-slide_height=''  data-handle='av_slideshow'  data-interval='5'  data-class=' avia-builder-el-4  el_before_av_textblock  avia-builder-el-first   avia-small-width-slider avia-super-small-width-slider'  data-el_id=''  data-css_id=''  data-scroll_down=''  data-control_layout='av-control-default'  data-custom_markup=''  data-perma_caption=''  data-autoplay_stopper=''  data-image_attachment=''  data-min_height='0px'  class='avia-slideshow avia-slideshow-1  av-control-default av-default-height-applied avia-slideshow-medium av_slideshow  avia-builder-el-4  el_before_av_textblock  avia-builder-el-first   avia-small-width-slider avia-super-small-width-slider avia-slide-slider '  itemprop=\"image\" itemscope=\"itemscope\" itemtype=\"https:\/\/schema.org\/ImageObject\" ><ul class='avia-slideshow-inner ' style='padding-bottom: 100%;' ><li  class=' av-single-slide slide-1 ' ><div data-rel='slideshow-1' class='avia-slide-wrap '   ><img class=\"wp-image-3403\"  src=\"https:\/\/enterprisemindfactory.com\/wp-content\/uploads\/2016\/09\/4M.jpg\" width='300' height='300' title='4m' alt=''  itemprop=\"thumbnailUrl\" srcset=\"https:\/\/enterprisemindfactory.com\/wp-content\/uploads\/2016\/09\/4M.jpg 300w, https:\/\/enterprisemindfactory.com\/wp-content\/uploads\/2016\/09\/4M-80x80.jpg 80w, https:\/\/enterprisemindfactory.com\/wp-content\/uploads\/2016\/09\/4M-36x36.jpg 36w, https:\/\/enterprisemindfactory.com\/wp-content\/uploads\/2016\/09\/4M-180x180.jpg 180w\" sizes=\"(max-width: 300px) 100vw, 300px\" \/><\/div><\/li><\/ul><\/div><br \/>\n<section class=\"av_textblock_section \"  itemscope=\"itemscope\" itemtype=\"https:\/\/schema.org\/CreativeWork\" ><div class='avia_textblock  '   itemprop=\"text\" ><h4><a href=\"http:\/\/enterprisemindfactory.com\/produkt-1\/b-produkte-cloud-suite\">Analytics Suite<\/a><\/h4>\n<p>Integrierte Arbeitsumgebung f\u00fcr die\u00a0&#8222;Big-Data Analytics&#8220; und &#8222;Real-Time Analytics&#8220; Plattform. Damit k\u00f6nnen Sie<\/p>\n<ul>\n<li>Ihre Prozesse und Ihre digitale Wertsch\u00f6pfung transparent machen<\/li>\n<li>Ihr Datenmodell\u00a0nach dem Sternschema \u00a0konzipieren<\/li>\n<li>auf der Grundlage des Datenmodells\u00a0Tabellen in der Plattform generieren<\/li>\n<li>Ihre Stammdaten\u00a0managen<\/li>\n<li>Daten automatisiert aufbereiten, transformieren und laden<\/li>\n<li>Analysen durchf\u00fchrend und Dashboards erstellen<\/li>\n<\/ul>\n<\/div><\/section><\/p><\/div><div class=\"flex_column av_one_third  flex_column_div av-zero-column-padding   avia-builder-el-6  el_after_av_one_third  el_before_av_one_third  \" style='border-radius:0px; '><p><div   data-size='medium'  data-lightbox_size='large'  data-animation='slide'  data-conditional_play=''  data-ids='3399'  data-video_counter='0'  data-autoplay='false'  data-bg_slider='false'  data-slide_height=''  data-handle='av_slideshow'  data-interval='5'  data-class=' avia-builder-el-7  el_before_av_textblock  avia-builder-el-first   avia-small-width-slider avia-super-small-width-slider'  data-el_id=''  data-css_id=''  data-scroll_down=''  data-control_layout='av-control-default'  data-custom_markup=''  data-perma_caption=''  data-autoplay_stopper=''  data-image_attachment=''  data-min_height='0px'  class='avia-slideshow avia-slideshow-2  av-control-default av-default-height-applied avia-slideshow-medium av_slideshow  avia-builder-el-7  el_before_av_textblock  avia-builder-el-first   avia-small-width-slider avia-super-small-width-slider avia-slide-slider '  itemprop=\"image\" itemscope=\"itemscope\" itemtype=\"https:\/\/schema.org\/ImageObject\" ><ul class='avia-slideshow-inner ' style='padding-bottom: 100%;' ><li  class=' av-single-slide slide-1 ' ><div data-rel='slideshow-2' class='avia-slide-wrap '   ><img class=\"wp-image-3399\"  src=\"https:\/\/enterprisemindfactory.com\/wp-content\/uploads\/2016\/09\/3V.jpg\" width='300' height='300' title='3v' alt=''  itemprop=\"thumbnailUrl\" srcset=\"https:\/\/enterprisemindfactory.com\/wp-content\/uploads\/2016\/09\/3V.jpg 300w, https:\/\/enterprisemindfactory.com\/wp-content\/uploads\/2016\/09\/3V-80x80.jpg 80w, https:\/\/enterprisemindfactory.com\/wp-content\/uploads\/2016\/09\/3V-36x36.jpg 36w, https:\/\/enterprisemindfactory.com\/wp-content\/uploads\/2016\/09\/3V-180x180.jpg 180w\" sizes=\"(max-width: 300px) 100vw, 300px\" \/><\/div><\/li><\/ul><\/div><br \/>\n<section class=\"av_textblock_section \"  itemscope=\"itemscope\" itemtype=\"https:\/\/schema.org\/CreativeWork\" ><div class='avia_textblock  '   itemprop=\"text\" ><h4><a href=\"http:\/\/enterprisemindfactory.com\/portfolio-item\/analytic-platform\">Big Data Analytics Plattform<\/a><\/h4>\n<p>Plattform f\u00fcr Big Data und Analytics. Damit k\u00f6nnen Sie<\/p>\n<ul>\n<li>eine einheitliche Datenbasis f\u00fcr Ihre Unternehmenssteuerung schaffen<\/li>\n<li>Transparenz\u00a0\u00fcber Ihre Produkte, Kunden, Prozesse\u00a0haben<\/li>\n<li>bessere und schnellere Entscheidungen treffen<\/li>\n<li>Ihre Prozesse optimieren<\/li>\n<li>neue datenbasierte Gesch\u00e4ftsmodelle, Produkte und Services entwickeln<\/li>\n<\/ul>\n<\/div><\/section><\/p><\/div><div class=\"flex_column av_one_third  flex_column_div av-zero-column-padding   avia-builder-el-9  el_after_av_one_third  avia-builder-el-last  \" style='border-radius:0px; '><p><div   data-size='medium'  data-lightbox_size='large'  data-animation='slide'  data-conditional_play=''  data-ids='3406'  data-video_counter='0'  data-autoplay='false'  data-bg_slider='false'  data-slide_height=''  data-handle='av_slideshow'  data-interval='5'  data-class=' avia-builder-el-10  el_before_av_textblock  avia-builder-el-first   avia-small-width-slider avia-super-small-width-slider'  data-el_id=''  data-css_id=''  data-scroll_down=''  data-control_layout='av-control-default'  data-custom_markup=''  data-perma_caption=''  data-autoplay_stopper=''  data-image_attachment=''  data-min_height='0px'  class='avia-slideshow avia-slideshow-3  av-control-default av-default-height-applied avia-slideshow-medium av_slideshow  avia-builder-el-10  el_before_av_textblock  avia-builder-el-first   avia-small-width-slider avia-super-small-width-slider avia-slide-slider '  itemprop=\"image\" itemscope=\"itemscope\" itemtype=\"https:\/\/schema.org\/ImageObject\" ><ul class='avia-slideshow-inner ' style='padding-bottom: 100%;' ><li  class=' av-single-slide slide-1 ' ><div data-rel='slideshow-3' class='avia-slide-wrap '   ><img class=\"wp-image-3406\"  src=\"https:\/\/enterprisemindfactory.com\/wp-content\/uploads\/2016\/09\/PR-1.jpg\" width='300' height='300' title='pr' alt=''  itemprop=\"thumbnailUrl\" srcset=\"https:\/\/enterprisemindfactory.com\/wp-content\/uploads\/2016\/09\/PR-1.jpg 300w, https:\/\/enterprisemindfactory.com\/wp-content\/uploads\/2016\/09\/PR-1-80x80.jpg 80w, https:\/\/enterprisemindfactory.com\/wp-content\/uploads\/2016\/09\/PR-1-36x36.jpg 36w, https:\/\/enterprisemindfactory.com\/wp-content\/uploads\/2016\/09\/PR-1-180x180.jpg 180w\" sizes=\"(max-width: 300px) 100vw, 300px\" \/><\/div><\/li><\/ul><\/div><br \/>\n<section class=\"av_textblock_section \"  itemscope=\"itemscope\" itemtype=\"https:\/\/schema.org\/CreativeWork\" ><div class='avia_textblock  '   itemprop=\"text\" ><h4><a href=\"http:\/\/enterprisemindfactory.com\/portfolio-item\/rt-platform\">Real-Time Analytics Plattform<\/a><\/h4>\n<p>Plattform f\u00fcr Real-Time Data und Analytics. Damit k\u00f6nnen Sie<\/p>\n<ul>\n<li>Sensordaten auswerten und Produktionsanlagen \u00fcberwachen<\/li>\n<li>Transaktionen in Echtzeit auf Betrug und Unregelm\u00e4\u00dfigkeit \u00fcberpr\u00fcfen<\/li>\n<li>den\u00a0Kunden Echtzeitinformationen und Vorschl\u00e4ge auf der Grundlage seines Standorts liefern<\/li>\n<li>die Aktivit\u00e4t Ihres Online-Shops \u00fcberwachen<\/li>\n<li>neue, echtzeitbasierte Services und Industrie4.0-L\u00f6sungen anbieten<\/li>\n<\/ul>\n<\/div><\/section><\/p><\/div><\/p>\n","protected":false},"excerpt":{"rendered":"","protected":false},"author":2,"featured_media":0,"parent":0,"menu_order":0,"comment_status":"closed","ping_status":"closed","template":"","meta":[],"_links":{"self":[{"href":"https:\/\/enterprisemindfactory.com\/index.php?rest_route=\/wp\/v2\/pages\/67"}],"collection":[{"href":"https:\/\/enterprisemindfactory.com\/index.php?rest_route=\/wp\/v2\/pages"}],"about":[{"href":"https:\/\/enterprisemindfactory.com\/index.php?rest_route=\/wp\/v2\/types\/page"}],"author":[{"embeddable":true,"href":"https:\/\/enterprisemindfactory.com\/index.php?rest_route=\/wp\/v2\/users\/2"}],"replies":[{"embeddable":true,"href":"https:\/\/enterprisemindfactory.com\/index.php?rest_route=%2Fwp%2Fv2%2Fcomments&post=67"}],"version-history":[{"count":13,"href":"https:\/\/enterprisemindfactory.com\/index.php?rest_route=\/wp\/v2\/pages\/67\/revisions"}],"predecessor-version":[{"id":3504,"href":"https:\/\/enterprisemindfactory.com\/index.php?rest_route=\/wp\/v2\/pages\/67\/revisions\/3504"}],"wp:attachment":[{"href":"https:\/\/enterprisemindfactory.com\/index.php?rest_route=%2Fwp%2Fv2%2Fmedia&parent=67"}],"curies":[{"name":"wp","href":"https:\/\/api.w.org\/{rel}","templated":true}]}}